{"id":2796,"date":"2022-12-19T10:22:22","date_gmt":"2022-12-19T09:22:22","guid":{"rendered":"https:\/\/cprofood.be\/about-us\/"},"modified":"2023-03-30T12:05:22","modified_gmt":"2023-03-30T10:05:22","slug":"about-us","status":"publish","type":"page","link":"https:\/\/cprofood.be\/en\/about-us\/","title":{"rendered":"About us"},"content":{"rendered":"\n<section id=\"content-1-1-block_64509473b27ea142ba1101ae6c0061ef\" class=\"block-content-1-1 container  align wrapper-margin-top-large wrapper-margin-bottom-normal\">\n\n  <div class=\"row\">\n\n    \n      <article class=\"text col-md-6 col-sm-12 col-12 animated fade-to-top\">\n\n        \n                      <div class=\"content\">\n              <h1>About us<\/h1>\n<p>CPRO FOOD is a Belgian Superpremium kibble created by CERAL, a family company that has been in the pet food business for more than 30 years, first as a distributor of a major brand of kibbles and later as a producer of its own product.<\/p>\n<p>We wanted to create CPRO FOOD to offer a quality product for the well-being of animals at an affordable price.<\/p>\n<p>We strongly believe that nutrition plays a vital role in the health, longevity and overall well-being of your pets.<\/p>\n<p>&nbsp;<\/p>\n            <\/div>\n          \n          \n          \n        \n      <\/article>\n\n    \n      <article class=\"image col-md-6 col-sm-12 col-12 animated fade-to-top\">\n\n                  <div class=\"js-replace-img\">\n            <img decoding=\"async\" src=\"https:\/\/cprofood.be\/wp-content\/uploads\/2023\/01\/ceral-team.jpg\" alt=\"ceral-team\">\n          <\/div>\n\n                    \n        \n      <\/article>\n\n    \n  <\/div>\n\n<\/section>\n\n\n\n<section class=\"block-number wrapper-margin-top-nospace wrapper-margin-bottom-nospace\">\n\n  <div class=\"content container\">\n\n    \n      <article class=\"item col-md-3 col-sm-6 col-12\">\n        <span class=\"count\">30<\/span>\n        <span class=\"title\">years of experience<\/span>\n      <\/article>\n\n    \n      <article class=\"item col-md-3 col-sm-6 col-12\">\n        <span class=\"count\">412<\/span>\n        <span class=\"title\">retailers<\/span>\n      <\/article>\n\n    \n      <article class=\"item col-md-3 col-sm-6 col-12\">\n        <span class=\"count\">950<\/span>\n        <span class=\"title\">breeders<\/span>\n      <\/article>\n\n    \n      <article class=\"item col-md-3 col-sm-6 col-12\">\n        <span class=\"count\">5280<\/span>\n        <span class=\"title\">satisfied customers<\/span>\n      <\/article>\n\n    \n  <\/div>\n\n<\/section>\n\n\n\n<section class=\"block-link container wrapper-margin-top-large wrapper-margin-bottom-normal\">\n\n      <header class=\"animated fade-to-top\">\n      <h2>What is told about us in the press? <\/h2>\n    <\/header>\n  \n  <div class=\"content\">\n\n    <ul>\n\n      \n        <li class=\"item animated fade-to-top\">\n          <a class=\"btn-theme\" href=\"https:\/\/cprofood.be\/wp-content\/uploads\/2023\/01\/article-7-10-cinetelerevue.pdf\" target=\"_blank\">Cin\u00e9-t\u00e9l\u00e9-revue<\/a>\n        <\/li>\n\n      \n        <li class=\"item animated fade-to-top\">\n          <a class=\"btn-theme\" href=\"https:\/\/cprofood.be\/wp-content\/uploads\/2023\/01\/lameuse-3.pdf\" target=\"_blank\">La Meuse<\/a>\n        <\/li>\n\n      \n        <li class=\"item animated fade-to-top\">\n          <a class=\"btn-theme\" href=\"https:\/\/cprofood.be\/wp-content\/uploads\/2023\/01\/SP_200067660502.pdf\" target=\"_blank\">Sud Press<\/a>\n        <\/li>\n\n      \n    <\/ul>\n\n  <\/div>\n\n<\/section>\n\n\n\n<section class=\"repeater-block wrapper-margin-top-large wrapper-margin-bottom-small\">\n  <div class=\"container\">\n\n          <header class=\"text-center animated fade-to-top\">\n        <h1>OUR STRENGTHS<\/h1>\n      <\/header>\n    \n    <div class=\"content row wrapper-margin-top-normal wrapper-margin-bottom-normal\">\n\n      \n        <article class=\"item col-lg-4 col-md-6 col-sm-12 col-12 animated fade-to-top\">\n          <div class=\"image-wrapper\">\n            <img decoding=\"async\" src=\"https:\/\/cprofood.be\/wp-content\/uploads\/2023\/01\/picto-Belgique.png\" alt=\"picto-Belgique\">\n          <\/div>\n          <header>\n            <h3>Belgian<\/h3>\n          <\/header>\n          <div class=\"content\">\n            <div class=\"content\">\n<div class=\"content\">\n<div class=\"content\">\n<p>CPRO FOOD was created by a <strong>100% BELGIAN COMPANY.<\/strong> A family company with strong values for the well-being of your animals.<\/p>\n<ul>\n<li><strong>Belgian kibbles <\/strong><\/li>\n<li><strong>Short circuit <\/strong><\/li>\n<li><strong>Local economy <\/strong><\/li>\n<li><strong>Strict standards<\/strong><\/li>\n<\/ul>\n<\/div>\n<\/div>\n<\/div>\n          <\/div>\n        <\/article>\n\n      \n        <article class=\"item col-lg-4 col-md-6 col-sm-12 col-12 animated fade-to-top\">\n          <div class=\"image-wrapper\">\n            <img decoding=\"async\" src=\"https:\/\/cprofood.be\/wp-content\/uploads\/2023\/03\/Sans-gluten-sans-cereales-EN.jpg\" alt=\"Sans-gluten-sans-cereales-EN\">\n          <\/div>\n          <header>\n            <h3>QUALITY<\/h3>\n          <\/header>\n          <div class=\"content\">\n            <div class=\"content\">\n<div class=\"content\">\n<div class=\"content\">\n<div class=\"content\">\n<div class=\"content\">\n<p><strong>Rich in meat\/fish.<\/strong> Our products are made with <strong>QUALITY INGREDIENTS.<\/strong><\/p>\n<ul>\n<li><strong>NO wheat<\/strong><\/li>\n<li><strong>NO gluten <\/strong><\/li>\n<li><strong>NO soya <\/strong><\/li>\n<li><strong>NO GEC<\/strong><\/li>\n<\/ul>\n<\/div>\n<\/div>\n<\/div>\n<\/div>\n<\/div>\n          <\/div>\n        <\/article>\n\n      \n        <article class=\"item col-lg-4 col-md-6 col-sm-12 col-12 animated fade-to-top\">\n          <div class=\"image-wrapper\">\n            <img decoding=\"async\" src=\"https:\/\/cprofood.be\/wp-content\/uploads\/2023\/01\/picto-Naturel.png\" alt=\"picto-Naturel\">\n          <\/div>\n          <header>\n            <h3>NATURAL<\/h3>\n          <\/header>\n          <div class=\"content\">\n            <p>Reinforced with <strong>NATURAL ANTIOXIDANTS<\/strong> (mix of herbs and plants such as rosemary, curcuma, citrus\u2026). Our kibbles contain :<\/p>\n<ul>\n<li><strong>NO colourings<\/strong><\/li>\n<li><strong>NO preservatives <\/strong><\/li>\n<li><strong>NO flavour enhancers<\/strong><\/li>\n<\/ul>\n          <\/div>\n        <\/article>\n\n      \n    <\/div>\n\n    \n  <\/div>\n<\/section>\n\n\n\n<section class=\"container text-title wrapper-margin-top-normal wrapper-margin-bottom-small\">\n\n  <div class=\"col-sm-10 offset-sm-1 animated fade-to-top\">\n    <p style=\"text-align: center;\">CPro Food kibbles are rich in omega 3 &amp; 6 and glucosamine and chondroitin. They preserve the joints and the cartilage.<\/p>\n  <\/div>\n\n<\/section>\n\n\n\n<section class=\"block-link container wrapper-margin-top-small wrapper-margin-bottom-small\">\n\n  \n  <div class=\"content\">\n\n    <ul>\n\n      \n        <li class=\"item animated fade-to-top\">\n          <a class=\"btn-theme\" href=\"https:\/\/cprofood.be\/en\/dog-food\/\" target=\"\">Check out the dog range<\/a>\n        <\/li>\n\n      \n        <li class=\"item animated fade-to-top\">\n          <a class=\"btn-theme\" href=\"https:\/\/cprofood.be\/en\/cat-food\/\" target=\"\">Check out the cat range<\/a>\n        <\/li>\n\n      \n    <\/ul>\n\n  <\/div>\n\n<\/section>\n","protected":false},"excerpt":{"rendered":"","protected":false},"author":1,"featured_media":0,"parent":0,"menu_order":0,"comment_status":"closed","ping_status":"closed","template":"","meta":{"_acf_changed":false,"footnotes":""},"class_list":["post-2796","page","type-page","status-publish","hentry"],"acf":[],"yoast_head":"<!-- This site is optimized with the Yoast SEO plugin v26.7 - https:\/\/yoast.com\/wordpress\/plugins\/seo\/ -->\n<title>About us | Ceral<\/title>\n<meta name=\"robots\" content=\"index, follow, max-snippet:-1, max-image-preview:large, max-video-preview:-1\" \/>\n<link rel=\"canonical\" href=\"https:\/\/cprofood.be\/en\/about-us\/\" \/>\n<meta property=\"og:locale\" content=\"en_US\" \/>\n<meta property=\"og:type\" content=\"article\" \/>\n<meta property=\"og:title\" content=\"About us | Ceral\" \/>\n<meta property=\"og:url\" content=\"https:\/\/cprofood.be\/en\/about-us\/\" \/>\n<meta property=\"og:site_name\" content=\"Ceral\" \/>\n<meta property=\"article:publisher\" content=\"https:\/\/www.facebook.com\/ceralcprofood\" \/>\n<meta property=\"article:modified_time\" content=\"2023-03-30T10:05:22+00:00\" \/>\n<meta property=\"og:image\" content=\"https:\/\/cprofood.be\/wp-content\/uploads\/2023\/05\/20230503-Ceral-Website-Vignette.jpg\" \/>\n\t<meta property=\"og:image:width\" content=\"1200\" \/>\n\t<meta property=\"og:image:height\" content=\"675\" \/>\n\t<meta property=\"og:image:type\" content=\"image\/jpeg\" \/>\n<meta name=\"twitter:card\" content=\"summary_large_image\" \/>\n<script type=\"application\/ld+json\" class=\"yoast-schema-graph\">{\"@context\":\"https:\/\/schema.org\",\"@graph\":[{\"@type\":\"WebPage\",\"@id\":\"https:\/\/cprofood.be\/en\/about-us\/\",\"url\":\"https:\/\/cprofood.be\/en\/about-us\/\",\"name\":\"About us | Ceral\",\"isPartOf\":{\"@id\":\"https:\/\/cprofood.be\/en\/#website\"},\"datePublished\":\"2022-12-19T09:22:22+00:00\",\"dateModified\":\"2023-03-30T10:05:22+00:00\",\"breadcrumb\":{\"@id\":\"https:\/\/cprofood.be\/en\/about-us\/#breadcrumb\"},\"inLanguage\":\"en-US\",\"potentialAction\":[{\"@type\":\"ReadAction\",\"target\":[\"https:\/\/cprofood.be\/en\/about-us\/\"]}]},{\"@type\":\"BreadcrumbList\",\"@id\":\"https:\/\/cprofood.be\/en\/about-us\/#breadcrumb\",\"itemListElement\":[{\"@type\":\"ListItem\",\"position\":1,\"name\":\"Accueil\",\"item\":\"https:\/\/cprofood.be\/en\/\"},{\"@type\":\"ListItem\",\"position\":2,\"name\":\"About us\"}]},{\"@type\":\"WebSite\",\"@id\":\"https:\/\/cprofood.be\/en\/#website\",\"url\":\"https:\/\/cprofood.be\/en\/\",\"name\":\"Ceral\",\"description\":\"Une nourriture de qualit\u00e9 pour un animal en bonne sant\u00e9\",\"publisher\":{\"@id\":\"https:\/\/cprofood.be\/en\/#organization\"},\"potentialAction\":[{\"@type\":\"SearchAction\",\"target\":{\"@type\":\"EntryPoint\",\"urlTemplate\":\"https:\/\/cprofood.be\/en\/?s={search_term_string}\"},\"query-input\":{\"@type\":\"PropertyValueSpecification\",\"valueRequired\":true,\"valueName\":\"search_term_string\"}}],\"inLanguage\":\"en-US\"},{\"@type\":\"Organization\",\"@id\":\"https:\/\/cprofood.be\/en\/#organization\",\"name\":\"CProFood\",\"url\":\"https:\/\/cprofood.be\/en\/\",\"logo\":{\"@type\":\"ImageObject\",\"inLanguage\":\"en-US\",\"@id\":\"https:\/\/cprofood.be\/en\/#\/schema\/logo\/image\/\",\"url\":\"https:\/\/cprofood.be\/wp-content\/uploads\/2023\/05\/20230202-Logo-Cprofood-New-01.jpg\",\"contentUrl\":\"https:\/\/cprofood.be\/wp-content\/uploads\/2023\/05\/20230202-Logo-Cprofood-New-01.jpg\",\"width\":885,\"height\":304,\"caption\":\"CProFood\"},\"image\":{\"@id\":\"https:\/\/cprofood.be\/en\/#\/schema\/logo\/image\/\"},\"sameAs\":[\"https:\/\/www.facebook.com\/ceralcprofood\",\"https:\/\/www.instagram.com\/cprofood\"]}]}<\/script>\n<!-- \/ Yoast SEO plugin. -->","yoast_head_json":{"title":"About us | Ceral","robots":{"index":"index","follow":"follow","max-snippet":"max-snippet:-1","max-image-preview":"max-image-preview:large","max-video-preview":"max-video-preview:-1"},"canonical":"https:\/\/cprofood.be\/en\/about-us\/","og_locale":"en_US","og_type":"article","og_title":"About us | Ceral","og_url":"https:\/\/cprofood.be\/en\/about-us\/","og_site_name":"Ceral","article_publisher":"https:\/\/www.facebook.com\/ceralcprofood","article_modified_time":"2023-03-30T10:05:22+00:00","og_image":[{"width":1200,"height":675,"url":"https:\/\/cprofood.be\/wp-content\/uploads\/2023\/05\/20230503-Ceral-Website-Vignette.jpg","type":"image\/jpeg"}],"twitter_card":"summary_large_image","schema":{"@context":"https:\/\/schema.org","@graph":[{"@type":"WebPage","@id":"https:\/\/cprofood.be\/en\/about-us\/","url":"https:\/\/cprofood.be\/en\/about-us\/","name":"About us | Ceral","isPartOf":{"@id":"https:\/\/cprofood.be\/en\/#website"},"datePublished":"2022-12-19T09:22:22+00:00","dateModified":"2023-03-30T10:05:22+00:00","breadcrumb":{"@id":"https:\/\/cprofood.be\/en\/about-us\/#breadcrumb"},"inLanguage":"en-US","potentialAction":[{"@type":"ReadAction","target":["https:\/\/cprofood.be\/en\/about-us\/"]}]},{"@type":"BreadcrumbList","@id":"https:\/\/cprofood.be\/en\/about-us\/#breadcrumb","itemListElement":[{"@type":"ListItem","position":1,"name":"Accueil","item":"https:\/\/cprofood.be\/en\/"},{"@type":"ListItem","position":2,"name":"About us"}]},{"@type":"WebSite","@id":"https:\/\/cprofood.be\/en\/#website","url":"https:\/\/cprofood.be\/en\/","name":"Ceral","description":"Une nourriture de qualit\u00e9 pour un animal en bonne sant\u00e9","publisher":{"@id":"https:\/\/cprofood.be\/en\/#organization"},"potentialAction":[{"@type":"SearchAction","target":{"@type":"EntryPoint","urlTemplate":"https:\/\/cprofood.be\/en\/?s={search_term_string}"},"query-input":{"@type":"PropertyValueSpecification","valueRequired":true,"valueName":"search_term_string"}}],"inLanguage":"en-US"},{"@type":"Organization","@id":"https:\/\/cprofood.be\/en\/#organization","name":"CProFood","url":"https:\/\/cprofood.be\/en\/","logo":{"@type":"ImageObject","inLanguage":"en-US","@id":"https:\/\/cprofood.be\/en\/#\/schema\/logo\/image\/","url":"https:\/\/cprofood.be\/wp-content\/uploads\/2023\/05\/20230202-Logo-Cprofood-New-01.jpg","contentUrl":"https:\/\/cprofood.be\/wp-content\/uploads\/2023\/05\/20230202-Logo-Cprofood-New-01.jpg","width":885,"height":304,"caption":"CProFood"},"image":{"@id":"https:\/\/cprofood.be\/en\/#\/schema\/logo\/image\/"},"sameAs":["https:\/\/www.facebook.com\/ceralcprofood","https:\/\/www.instagram.com\/cprofood"]}]}},"_links":{"self":[{"href":"https:\/\/cprofood.be\/en\/wp-json\/wp\/v2\/pages\/2796","targetHints":{"allow":["GET"]}}],"collection":[{"href":"https:\/\/cprofood.be\/en\/wp-json\/wp\/v2\/pages"}],"about":[{"href":"https:\/\/cprofood.be\/en\/wp-json\/wp\/v2\/types\/page"}],"author":[{"embeddable":true,"href":"https:\/\/cprofood.be\/en\/wp-json\/wp\/v2\/users\/1"}],"replies":[{"embeddable":true,"href":"https:\/\/cprofood.be\/en\/wp-json\/wp\/v2\/comments?post=2796"}],"version-history":[{"count":9,"href":"https:\/\/cprofood.be\/en\/wp-json\/wp\/v2\/pages\/2796\/revisions"}],"predecessor-version":[{"id":3075,"href":"https:\/\/cprofood.be\/en\/wp-json\/wp\/v2\/pages\/2796\/revisions\/3075"}],"wp:attachment":[{"href":"https:\/\/cprofood.be\/en\/wp-json\/wp\/v2\/media?parent=2796"}],"curies":[{"name":"wp","href":"https:\/\/api.w.org\/{rel}","templated":true}]}}