{"id":2601,"date":"2022-12-19T10:22:22","date_gmt":"2022-12-19T09:22:22","guid":{"rendered":"https:\/\/cprofood.be\/over-ons\/"},"modified":"2023-03-30T12:06:39","modified_gmt":"2023-03-30T10:06:39","slug":"over-ons","status":"publish","type":"page","link":"https:\/\/cprofood.be\/nl\/over-ons\/","title":{"rendered":"Over ons"},"content":{"rendered":"\n<section id=\"content-1-1-block_6cd50b425d0a084bfa885a08de3ee2fb\" class=\"block-content-1-1 container  align wrapper-margin-top-large wrapper-margin-bottom-normal\">\n\n  <div class=\"row\">\n\n    \n      <article class=\"text col-md-6 col-sm-12 col-12 animated fade-to-top\">\n\n        \n                      <div class=\"content\">\n              <h1>Over ons<\/h1>\n<p>CPRO FOOD is een Belgische Superpremium brok bedacht door CERAL, een familiebedrijf dat al meer dan 30 jaar actief is in de Petfood business, eerst als distributeur van een groot merk brokken en later als producent van een eigen product.<\/p>\n<p>Wij hebben CPRO FOOD opgericht om een kwaliteitsproduct voor het welzijn van dieren te kunnen aanbieden tegen een betaalbare prijs.<\/p>\n<p>Wij zijn er stellig van overtuigd dat voeding een essenti\u00eble rol speelt in de gezondheid, de levensduur en het algehele welzijn van uw huisdieren<\/p>\n<p>&nbsp;<\/p>\n<p>&nbsp;<\/p>\n            <\/div>\n          \n          \n          \n        \n      <\/article>\n\n    \n      <article class=\"image col-md-6 col-sm-12 col-12 animated fade-to-top\">\n\n                  <div class=\"js-replace-img\">\n            <img decoding=\"async\" src=\"https:\/\/cprofood.be\/wp-content\/uploads\/2023\/01\/ceral-team.jpg\" alt=\"ceral-team\">\n          <\/div>\n\n                    \n        \n      <\/article>\n\n    \n  <\/div>\n\n<\/section>\n\n\n\n<section class=\"block-number wrapper-margin-top-nospace wrapper-margin-bottom-nospace\">\n\n  <div class=\"content container\">\n\n    \n      <article class=\"item col-md-3 col-sm-6 col-12\">\n        <span class=\"count\">30<\/span>\n        <span class=\"title\">jaar ervaring<\/span>\n      <\/article>\n\n    \n      <article class=\"item col-md-3 col-sm-6 col-12\">\n        <span class=\"count\">412<\/span>\n        <span class=\"title\">retailers<\/span>\n      <\/article>\n\n    \n      <article class=\"item col-md-3 col-sm-6 col-12\">\n        <span class=\"count\">950<\/span>\n        <span class=\"title\">fokkers<\/span>\n      <\/article>\n\n    \n      <article class=\"item col-md-3 col-sm-6 col-12\">\n        <span class=\"count\">5280<\/span>\n        <span class=\"title\">tevreden klanten<\/span>\n      <\/article>\n\n    \n  <\/div>\n\n<\/section>\n\n\n\n<section class=\"block-link container wrapper-margin-top-large wrapper-margin-bottom-normal\">\n\n      <header class=\"animated fade-to-top\">\n      <h2>Wat men over ons vertelt in de pers<\/h2>\n    <\/header>\n  \n  <div class=\"content\">\n\n    <ul>\n\n      \n        <li class=\"item animated fade-to-top\">\n          <a class=\"btn-theme\" href=\"https:\/\/cprofood.be\/wp-content\/uploads\/2023\/01\/article-7-10-cinetelerevue.pdf\" target=\"_blank\">Cin\u00e9-t\u00e9l\u00e9-revue<\/a>\n        <\/li>\n\n      \n        <li class=\"item animated fade-to-top\">\n          <a class=\"btn-theme\" href=\"https:\/\/cprofood.be\/wp-content\/uploads\/2023\/01\/lameuse-3.pdf\" target=\"_blank\">La Meuse<\/a>\n        <\/li>\n\n      \n        <li class=\"item animated fade-to-top\">\n          <a class=\"btn-theme\" href=\"https:\/\/cprofood.be\/wp-content\/uploads\/2023\/01\/SP_200067660502.pdf\" target=\"_blank\">Sud Press<\/a>\n        <\/li>\n\n      \n    <\/ul>\n\n  <\/div>\n\n<\/section>\n\n\n\n<section class=\"repeater-block wrapper-margin-top-large wrapper-margin-bottom-small\">\n  <div class=\"container\">\n\n          <header class=\"text-center animated fade-to-top\">\n        <h1>ONZE STERKE WAARDEN<\/h1>\n      <\/header>\n    \n    <div class=\"content row wrapper-margin-top-normal wrapper-margin-bottom-normal\">\n\n      \n        <article class=\"item col-lg-4 col-md-6 col-sm-12 col-12 animated fade-to-top\">\n          <div class=\"image-wrapper\">\n            <img decoding=\"async\" src=\"https:\/\/cprofood.be\/wp-content\/uploads\/2023\/01\/picto-Belgique.png\" alt=\"picto-Belgique\">\n          <\/div>\n          <header>\n            <h3>Belgisch<\/h3>\n          <\/header>\n          <div class=\"content\">\n            <div class=\"content\">\n<div class=\"content\">\n<p>CPRO FOOD werd gecre\u00eberd door een <strong>100% BELGISCH BEDRIJF.<\/strong> Een familiebedrijf met sterke waarden voor het welzijn van uw dieren.<\/p>\n<ul>\n<li><strong>Belgische brokken<\/strong><\/li>\n<li><strong>Korte keten <\/strong><\/li>\n<li><strong>Lokale economie<\/strong><\/li>\n<li><strong>Strenge normen<\/strong><\/li>\n<\/ul>\n<\/div>\n<\/div>\n          <\/div>\n        <\/article>\n\n      \n        <article class=\"item col-lg-4 col-md-6 col-sm-12 col-12 animated fade-to-top\">\n          <div class=\"image-wrapper\">\n            <img decoding=\"async\" src=\"https:\/\/cprofood.be\/wp-content\/uploads\/2023\/03\/Sans-gluten-sans-cereales-NL.jpg\" alt=\"Sans-gluten-sans-cereales-NL\">\n          <\/div>\n          <header>\n            <h3>KWALITEIT<\/h3>\n          <\/header>\n          <div class=\"content\">\n            <div class=\"content\">\n<div class=\"content\">\n<div class=\"content\">\n<p><strong>Rijk aan vlees\/vis.<\/strong> Onze producten zijn gemaakt met <strong>HOOGWAARDIGE INGREDIENTEN.<\/strong><\/p>\n<ul>\n<li><strong>GEEN tarwe<\/strong><\/li>\n<li><strong>GEEN gluten <\/strong><\/li>\n<li><strong>GEEN soja <\/strong><\/li>\n<li><strong>GEEN GGO<\/strong><\/li>\n<\/ul>\n<\/div>\n<\/div>\n<\/div>\n          <\/div>\n        <\/article>\n\n      \n        <article class=\"item col-lg-4 col-md-6 col-sm-12 col-12 animated fade-to-top\">\n          <div class=\"image-wrapper\">\n            <img decoding=\"async\" src=\"https:\/\/cprofood.be\/wp-content\/uploads\/2023\/01\/picto-Naturel.png\" alt=\"picto-Naturel\">\n          <\/div>\n          <header>\n            <h3>NATUURLIJK<\/h3>\n          <\/header>\n          <div class=\"content\">\n            <p>Versterkt met <strong>NATUURLIJKE ANTIOXIDANTEN<\/strong> (mix van kruiden en planten zoals rozemarijn, kurkuma, citrus&#8230;). Bevatten onze brokken :<\/p>\n<ul>\n<li><strong>GEEN kleurstoffen<\/strong><\/li>\n<li><strong>GEEN bewaarmiddelen <\/strong><\/li>\n<li><strong>GEEN smaakversterkers<\/strong><\/li>\n<\/ul>\n          <\/div>\n        <\/article>\n\n      \n    <\/div>\n\n    \n  <\/div>\n<\/section>\n\n\n\n<section class=\"container text-title wrapper-margin-top-normal wrapper-margin-bottom-small\">\n\n  <div class=\"col-sm-10 offset-sm-1 animated fade-to-top\">\n    <p style=\"text-align: center;\">CPro Food brokken zijn rijk aan omega 3 &amp; 6 en glucosamine en chondro\u00eftine. Ze beschermen de gewrichten en het kraakbeen<\/p>\n  <\/div>\n\n<\/section>\n\n\n\n<section class=\"block-link container wrapper-margin-top-small wrapper-margin-bottom-small\">\n\n  \n  <div class=\"content\">\n\n    <ul>\n\n      \n        <li class=\"item animated fade-to-top\">\n          <a class=\"btn-theme\" href=\"https:\/\/cprofood.be\/nl\/hondenvoer\/\" target=\"\">Bezoek de pagina voor honden<\/a>\n        <\/li>\n\n      \n        <li class=\"item animated fade-to-top\">\n          <a class=\"btn-theme\" href=\"https:\/\/cprofood.be\/nl\/kattenvoer\/\" target=\"\">Bezoek de pagina voor katten <\/a>\n        <\/li>\n\n      \n    <\/ul>\n\n  <\/div>\n\n<\/section>\n","protected":false},"excerpt":{"rendered":"","protected":false},"author":1,"featured_media":0,"parent":0,"menu_order":0,"comment_status":"closed","ping_status":"closed","template":"","meta":{"_acf_changed":false,"footnotes":""},"class_list":["post-2601","page","type-page","status-publish","hentry"],"acf":[],"yoast_head":"<!-- This site is optimized with the Yoast SEO plugin v26.7 - https:\/\/yoast.com\/wordpress\/plugins\/seo\/ -->\n<title>Over ons | Ceral<\/title>\n<meta name=\"robots\" content=\"index, follow, max-snippet:-1, max-image-preview:large, max-video-preview:-1\" \/>\n<link rel=\"canonical\" href=\"https:\/\/cprofood.be\/nl\/over-ons\/\" \/>\n<meta property=\"og:locale\" content=\"nl_NL\" \/>\n<meta property=\"og:type\" content=\"article\" \/>\n<meta property=\"og:title\" content=\"Over ons | Ceral\" \/>\n<meta property=\"og:url\" content=\"https:\/\/cprofood.be\/nl\/over-ons\/\" \/>\n<meta property=\"og:site_name\" content=\"Ceral\" \/>\n<meta property=\"article:publisher\" content=\"https:\/\/www.facebook.com\/ceralcprofood\" \/>\n<meta property=\"article:modified_time\" content=\"2023-03-30T10:06:39+00:00\" \/>\n<meta property=\"og:image\" content=\"https:\/\/cprofood.be\/wp-content\/uploads\/2023\/05\/20230503-Ceral-Website-Vignette.jpg\" \/>\n\t<meta property=\"og:image:width\" content=\"1200\" \/>\n\t<meta property=\"og:image:height\" content=\"675\" \/>\n\t<meta property=\"og:image:type\" content=\"image\/jpeg\" \/>\n<meta name=\"twitter:card\" content=\"summary_large_image\" \/>\n<script type=\"application\/ld+json\" class=\"yoast-schema-graph\">{\"@context\":\"https:\/\/schema.org\",\"@graph\":[{\"@type\":\"WebPage\",\"@id\":\"https:\/\/cprofood.be\/nl\/over-ons\/\",\"url\":\"https:\/\/cprofood.be\/nl\/over-ons\/\",\"name\":\"Over ons | Ceral\",\"isPartOf\":{\"@id\":\"https:\/\/cprofood.be\/nl\/#website\"},\"datePublished\":\"2022-12-19T09:22:22+00:00\",\"dateModified\":\"2023-03-30T10:06:39+00:00\",\"breadcrumb\":{\"@id\":\"https:\/\/cprofood.be\/nl\/over-ons\/#breadcrumb\"},\"inLanguage\":\"nl-NL\",\"potentialAction\":[{\"@type\":\"ReadAction\",\"target\":[\"https:\/\/cprofood.be\/nl\/over-ons\/\"]}]},{\"@type\":\"BreadcrumbList\",\"@id\":\"https:\/\/cprofood.be\/nl\/over-ons\/#breadcrumb\",\"itemListElement\":[{\"@type\":\"ListItem\",\"position\":1,\"name\":\"Accueil\",\"item\":\"https:\/\/cprofood.be\/nl\/\"},{\"@type\":\"ListItem\",\"position\":2,\"name\":\"Over ons\"}]},{\"@type\":\"WebSite\",\"@id\":\"https:\/\/cprofood.be\/nl\/#website\",\"url\":\"https:\/\/cprofood.be\/nl\/\",\"name\":\"Ceral\",\"description\":\"Une nourriture de qualit\u00e9 pour un animal en bonne sant\u00e9\",\"publisher\":{\"@id\":\"https:\/\/cprofood.be\/nl\/#organization\"},\"potentialAction\":[{\"@type\":\"SearchAction\",\"target\":{\"@type\":\"EntryPoint\",\"urlTemplate\":\"https:\/\/cprofood.be\/nl\/?s={search_term_string}\"},\"query-input\":{\"@type\":\"PropertyValueSpecification\",\"valueRequired\":true,\"valueName\":\"search_term_string\"}}],\"inLanguage\":\"nl-NL\"},{\"@type\":\"Organization\",\"@id\":\"https:\/\/cprofood.be\/nl\/#organization\",\"name\":\"CProFood\",\"url\":\"https:\/\/cprofood.be\/nl\/\",\"logo\":{\"@type\":\"ImageObject\",\"inLanguage\":\"nl-NL\",\"@id\":\"https:\/\/cprofood.be\/nl\/#\/schema\/logo\/image\/\",\"url\":\"https:\/\/cprofood.be\/wp-content\/uploads\/2023\/05\/20230202-Logo-Cprofood-New-01.jpg\",\"contentUrl\":\"https:\/\/cprofood.be\/wp-content\/uploads\/2023\/05\/20230202-Logo-Cprofood-New-01.jpg\",\"width\":885,\"height\":304,\"caption\":\"CProFood\"},\"image\":{\"@id\":\"https:\/\/cprofood.be\/nl\/#\/schema\/logo\/image\/\"},\"sameAs\":[\"https:\/\/www.facebook.com\/ceralcprofood\",\"https:\/\/www.instagram.com\/cprofood\"]}]}<\/script>\n<!-- \/ Yoast SEO plugin. -->","yoast_head_json":{"title":"Over ons | Ceral","robots":{"index":"index","follow":"follow","max-snippet":"max-snippet:-1","max-image-preview":"max-image-preview:large","max-video-preview":"max-video-preview:-1"},"canonical":"https:\/\/cprofood.be\/nl\/over-ons\/","og_locale":"nl_NL","og_type":"article","og_title":"Over ons | Ceral","og_url":"https:\/\/cprofood.be\/nl\/over-ons\/","og_site_name":"Ceral","article_publisher":"https:\/\/www.facebook.com\/ceralcprofood","article_modified_time":"2023-03-30T10:06:39+00:00","og_image":[{"width":1200,"height":675,"url":"https:\/\/cprofood.be\/wp-content\/uploads\/2023\/05\/20230503-Ceral-Website-Vignette.jpg","type":"image\/jpeg"}],"twitter_card":"summary_large_image","schema":{"@context":"https:\/\/schema.org","@graph":[{"@type":"WebPage","@id":"https:\/\/cprofood.be\/nl\/over-ons\/","url":"https:\/\/cprofood.be\/nl\/over-ons\/","name":"Over ons | Ceral","isPartOf":{"@id":"https:\/\/cprofood.be\/nl\/#website"},"datePublished":"2022-12-19T09:22:22+00:00","dateModified":"2023-03-30T10:06:39+00:00","breadcrumb":{"@id":"https:\/\/cprofood.be\/nl\/over-ons\/#breadcrumb"},"inLanguage":"nl-NL","potentialAction":[{"@type":"ReadAction","target":["https:\/\/cprofood.be\/nl\/over-ons\/"]}]},{"@type":"BreadcrumbList","@id":"https:\/\/cprofood.be\/nl\/over-ons\/#breadcrumb","itemListElement":[{"@type":"ListItem","position":1,"name":"Accueil","item":"https:\/\/cprofood.be\/nl\/"},{"@type":"ListItem","position":2,"name":"Over ons"}]},{"@type":"WebSite","@id":"https:\/\/cprofood.be\/nl\/#website","url":"https:\/\/cprofood.be\/nl\/","name":"Ceral","description":"Une nourriture de qualit\u00e9 pour un animal en bonne sant\u00e9","publisher":{"@id":"https:\/\/cprofood.be\/nl\/#organization"},"potentialAction":[{"@type":"SearchAction","target":{"@type":"EntryPoint","urlTemplate":"https:\/\/cprofood.be\/nl\/?s={search_term_string}"},"query-input":{"@type":"PropertyValueSpecification","valueRequired":true,"valueName":"search_term_string"}}],"inLanguage":"nl-NL"},{"@type":"Organization","@id":"https:\/\/cprofood.be\/nl\/#organization","name":"CProFood","url":"https:\/\/cprofood.be\/nl\/","logo":{"@type":"ImageObject","inLanguage":"nl-NL","@id":"https:\/\/cprofood.be\/nl\/#\/schema\/logo\/image\/","url":"https:\/\/cprofood.be\/wp-content\/uploads\/2023\/05\/20230202-Logo-Cprofood-New-01.jpg","contentUrl":"https:\/\/cprofood.be\/wp-content\/uploads\/2023\/05\/20230202-Logo-Cprofood-New-01.jpg","width":885,"height":304,"caption":"CProFood"},"image":{"@id":"https:\/\/cprofood.be\/nl\/#\/schema\/logo\/image\/"},"sameAs":["https:\/\/www.facebook.com\/ceralcprofood","https:\/\/www.instagram.com\/cprofood"]}]}},"_links":{"self":[{"href":"https:\/\/cprofood.be\/nl\/wp-json\/wp\/v2\/pages\/2601","targetHints":{"allow":["GET"]}}],"collection":[{"href":"https:\/\/cprofood.be\/nl\/wp-json\/wp\/v2\/pages"}],"about":[{"href":"https:\/\/cprofood.be\/nl\/wp-json\/wp\/v2\/types\/page"}],"author":[{"embeddable":true,"href":"https:\/\/cprofood.be\/nl\/wp-json\/wp\/v2\/users\/1"}],"replies":[{"embeddable":true,"href":"https:\/\/cprofood.be\/nl\/wp-json\/wp\/v2\/comments?post=2601"}],"version-history":[{"count":5,"href":"https:\/\/cprofood.be\/nl\/wp-json\/wp\/v2\/pages\/2601\/revisions"}],"predecessor-version":[{"id":3077,"href":"https:\/\/cprofood.be\/nl\/wp-json\/wp\/v2\/pages\/2601\/revisions\/3077"}],"wp:attachment":[{"href":"https:\/\/cprofood.be\/nl\/wp-json\/wp\/v2\/media?parent=2601"}],"curies":[{"name":"wp","href":"https:\/\/api.w.org\/{rel}","templated":true}]}}